{"id":1525,"date":"2025-12-22T16:04:52","date_gmt":"2025-12-22T20:04:52","guid":{"rendered":"https:\/\/poissonsdeschenauxenligne.net\/blog-tom-cod\/"},"modified":"2025-12-22T16:52:28","modified_gmt":"2025-12-22T20:52:28","slug":"blog-tom-cod","status":"publish","type":"page","link":"https:\/\/poissonsdeschenauxenligne.net\/en\/blog-tom-cod\/","title":{"rendered":"Blog"},"content":{"rendered":"<p>[et_pb_section fb_built=&#8221;1&#8243; admin_label=&#8221;Blog&#8221; _builder_version=&#8221;4.18.0&#8243; _module_preset=&#8221;default&#8221; background_color=&#8221;#F5F5F5&#8243; collapsed=&#8221;on&#8221; global_colors_info=&#8221;{}&#8221;][et_pb_row _builder_version=&#8221;4.18.0&#8243; _module_preset=&#8221;default&#8221; max_width=&#8221;none&#8221; global_colors_info=&#8221;{}&#8221;][et_pb_column type=&#8221;4_4&#8243; _builder_version=&#8221;4.18.0&#8243; _module_preset=&#8221;default&#8221; global_colors_info=&#8221;{}&#8221;][et_pb_text _builder_version=&#8221;4.18.0&#8243; _module_preset=&#8221;e6504a1b-67eb-4b3d-b023-bcab277610b6&#8243; header_4_font=&#8221;Ubuntu|700||on|||||&#8221; header_4_text_color=&#8221;#7090AE&#8221; header_4_font_size=&#8221;14px&#8221; header_4_line_height=&#8221;1.5em&#8221; text_orientation=&#8221;center&#8221; custom_margin=&#8221;||0px||false|false&#8221; global_colors_info=&#8221;{}&#8221;]<\/p>\n<p>Blog<\/p>\n<p>[\/et_pb_text][et_pb_text _builder_version=&#8221;4.27.5&#8243; _module_preset=&#8221;c16985e1-e0d6-4022-964d-e2bfc04fa633&#8243; header_font=&#8221;Playfair Display|700|||||||&#8221; header_text_color=&#8221;#000000&#8243; header_font_size=&#8221;75px&#8221; header_line_height=&#8221;1.1em&#8221; text_orientation=&#8221;center&#8221; hover_enabled=&#8221;0&#8243; header_font_size_tablet=&#8221;40px&#8221; header_font_size_phone=&#8221;24px&#8221; header_font_size_last_edited=&#8221;on|desktop&#8221; global_colors_info=&#8221;{}&#8221; sticky_enabled=&#8221;0&#8243;]<\/p>\n<h1>Tom Cod Fishing Journal<\/h1>\n<p>[\/et_pb_text][et_pb_image src=&#8221;https:\/\/poissonsdeschenauxenligne.net\/wp-content\/uploads\/2024\/12\/poissonsssssss.png&#8221; _builder_version=&#8221;4.27.5&#8243; _module_preset=&#8221;default&#8221; alt=&#8221;Tom Cod fishing in Mauricie, ice fishing&#8221; title_text=&#8221;Fishhhhh&#8221; hover_enabled=&#8221;0&#8243; sticky_enabled=&#8221;0&#8243; align=&#8221;center&#8221;][\/et_pb_image][et_pb_blog fullwidth=&#8221;off&#8221; posts_number=&#8221;6&#8243; show_more=&#8221;on&#8221; show_author=&#8221;off&#8221; show_date=&#8221;off&#8221; _builder_version=&#8221;4.18.0&#8243; _module_preset=&#8221;d7101e11-8fff-43d2-b361-db3b3eb4bd9a&#8221; header_font=&#8221;Playfair Display||||||||&#8221; header_text_color=&#8221;#000000&#8243; header_font_size=&#8221;18px&#8221; body_font=&#8221;Nanum Gothic||||||||&#8221; body_font_size=&#8221;14px&#8221; body_line_height=&#8221;1.6em&#8221; meta_font=&#8221;Ubuntu|700|||||||&#8221; meta_text_color=&#8221;#7090AE&#8221; meta_font_size=&#8221;12px&#8221; read_more_font=&#8221;Ubuntu|700||on|||||&#8221; read_more_text_color=&#8221;#000000&#8243; pagination_font=&#8221;Ubuntu|700||on|||||&#8221; pagination_text_color=&#8221;#000000&#8243; border_width_all=&#8221;0px&#8221; box_shadow_style=&#8221;preset1&#8243; box_shadow_vertical=&#8221;25px&#8221; box_shadow_blur=&#8221;30px&#8221; box_shadow_spread=&#8221;-20px&#8221; box_shadow_color=&#8221;rgba(182,182,182,0.2)&#8221; locked=&#8221;off&#8221; global_colors_info=&#8221;{}&#8221;][\/et_pb_blog][\/et_pb_column][\/et_pb_row][\/et_pb_section]<\/p>\n","protected":false},"excerpt":{"rendered":"<p>BlogTom Cod Fishing Journal<\/p>\n","protected":false},"author":3,"featured_media":0,"parent":0,"menu_order":0,"comment_status":"closed","ping_status":"closed","template":"","meta":{"_et_pb_use_builder":"on","_et_pb_old_content":"","_et_gb_content_width":"","footnotes":""},"class_list":["post-1525","page","type-page","status-publish","hentry"],"yoast_head":"<!-- This site is optimized with the Yoast SEO plugin v27.5 - https:\/\/yoast.com\/product\/yoast-seo-wordpress\/ -->\n<title>Blog - P\u00eache aux petits poissons des chenaux - Centre de p\u00eache Lefebvre<\/title>\n<meta name=\"robots\" content=\"index, follow, max-snippet:-1, max-image-preview:large, max-video-preview:-1\" \/>\n<link rel=\"canonical\" href=\"https:\/\/poissonsdeschenauxenligne.net\/en\/blog-tom-cod\/\" \/>\n<meta property=\"og:locale\" content=\"en_US\" \/>\n<meta property=\"og:type\" content=\"article\" \/>\n<meta property=\"og:title\" content=\"Blog - P\u00eache aux petits poissons des chenaux - Centre de p\u00eache Lefebvre\" \/>\n<meta property=\"og:description\" content=\"BlogTom Cod Fishing Journal\" \/>\n<meta property=\"og:url\" content=\"https:\/\/poissonsdeschenauxenligne.net\/en\/blog-tom-cod\/\" \/>\n<meta property=\"og:site_name\" content=\"P\u00eache aux petits poissons des chenaux - Centre de p\u00eache Lefebvre\" \/>\n<meta property=\"article:modified_time\" content=\"2025-12-22T20:52:28+00:00\" \/>\n<meta name=\"twitter:card\" content=\"summary_large_image\" \/>\n<meta name=\"twitter:label1\" content=\"Est. reading time\" \/>\n\t<meta name=\"twitter:data1\" content=\"2 minutes\" \/>\n<script type=\"application\/ld+json\" class=\"yoast-schema-graph\">{\"@context\":\"https:\\\/\\\/schema.org\",\"@graph\":[{\"@type\":\"WebPage\",\"@id\":\"https:\\\/\\\/poissonsdeschenauxenligne.net\\\/en\\\/blog-tom-cod\\\/\",\"url\":\"https:\\\/\\\/poissonsdeschenauxenligne.net\\\/en\\\/blog-tom-cod\\\/\",\"name\":\"Blog - P\u00eache aux petits poissons des chenaux - Centre de p\u00eache Lefebvre\",\"isPartOf\":{\"@id\":\"https:\\\/\\\/poissonsdeschenauxenligne.net\\\/en\\\/#website\"},\"datePublished\":\"2025-12-22T20:04:52+00:00\",\"dateModified\":\"2025-12-22T20:52:28+00:00\",\"breadcrumb\":{\"@id\":\"https:\\\/\\\/poissonsdeschenauxenligne.net\\\/en\\\/blog-tom-cod\\\/#breadcrumb\"},\"inLanguage\":\"en-US\",\"potentialAction\":[{\"@type\":\"ReadAction\",\"target\":[\"https:\\\/\\\/poissonsdeschenauxenligne.net\\\/en\\\/blog-tom-cod\\\/\"]}]},{\"@type\":\"BreadcrumbList\",\"@id\":\"https:\\\/\\\/poissonsdeschenauxenligne.net\\\/en\\\/blog-tom-cod\\\/#breadcrumb\",\"itemListElement\":[{\"@type\":\"ListItem\",\"position\":1,\"name\":\"Accueil\",\"item\":\"https:\\\/\\\/poissonsdeschenauxenligne.net\\\/en\\\/\"},{\"@type\":\"ListItem\",\"position\":2,\"name\":\"Blog\"}]},{\"@type\":\"WebSite\",\"@id\":\"https:\\\/\\\/poissonsdeschenauxenligne.net\\\/en\\\/#website\",\"url\":\"https:\\\/\\\/poissonsdeschenauxenligne.net\\\/en\\\/\",\"name\":\"P\u00eache aux petits poissons des chenaux - Centre de p\u00eache Lefebvre\",\"description\":\"P\u00eache aux petits poissons de chenaux Lefebvre\",\"potentialAction\":[{\"@type\":\"SearchAction\",\"target\":{\"@type\":\"EntryPoint\",\"urlTemplate\":\"https:\\\/\\\/poissonsdeschenauxenligne.net\\\/en\\\/?s={search_term_string}\"},\"query-input\":{\"@type\":\"PropertyValueSpecification\",\"valueRequired\":true,\"valueName\":\"search_term_string\"}}],\"inLanguage\":\"en-US\"}]}<\/script>\n<!-- \/ Yoast SEO plugin. -->","yoast_head_json":{"title":"Blog - P\u00eache aux petits poissons des chenaux - Centre de p\u00eache Lefebvre","robots":{"index":"index","follow":"follow","max-snippet":"max-snippet:-1","max-image-preview":"max-image-preview:large","max-video-preview":"max-video-preview:-1"},"canonical":"https:\/\/poissonsdeschenauxenligne.net\/en\/blog-tom-cod\/","og_locale":"en_US","og_type":"article","og_title":"Blog - P\u00eache aux petits poissons des chenaux - Centre de p\u00eache Lefebvre","og_description":"BlogTom Cod Fishing Journal","og_url":"https:\/\/poissonsdeschenauxenligne.net\/en\/blog-tom-cod\/","og_site_name":"P\u00eache aux petits poissons des chenaux - Centre de p\u00eache Lefebvre","article_modified_time":"2025-12-22T20:52:28+00:00","twitter_card":"summary_large_image","twitter_misc":{"Est. reading time":"2 minutes"},"schema":{"@context":"https:\/\/schema.org","@graph":[{"@type":"WebPage","@id":"https:\/\/poissonsdeschenauxenligne.net\/en\/blog-tom-cod\/","url":"https:\/\/poissonsdeschenauxenligne.net\/en\/blog-tom-cod\/","name":"Blog - P\u00eache aux petits poissons des chenaux - Centre de p\u00eache Lefebvre","isPartOf":{"@id":"https:\/\/poissonsdeschenauxenligne.net\/en\/#website"},"datePublished":"2025-12-22T20:04:52+00:00","dateModified":"2025-12-22T20:52:28+00:00","breadcrumb":{"@id":"https:\/\/poissonsdeschenauxenligne.net\/en\/blog-tom-cod\/#breadcrumb"},"inLanguage":"en-US","potentialAction":[{"@type":"ReadAction","target":["https:\/\/poissonsdeschenauxenligne.net\/en\/blog-tom-cod\/"]}]},{"@type":"BreadcrumbList","@id":"https:\/\/poissonsdeschenauxenligne.net\/en\/blog-tom-cod\/#breadcrumb","itemListElement":[{"@type":"ListItem","position":1,"name":"Accueil","item":"https:\/\/poissonsdeschenauxenligne.net\/en\/"},{"@type":"ListItem","position":2,"name":"Blog"}]},{"@type":"WebSite","@id":"https:\/\/poissonsdeschenauxenligne.net\/en\/#website","url":"https:\/\/poissonsdeschenauxenligne.net\/en\/","name":"P\u00eache aux petits poissons des chenaux - Centre de p\u00eache Lefebvre","description":"P\u00eache aux petits poissons de chenaux Lefebvre","potentialAction":[{"@type":"SearchAction","target":{"@type":"EntryPoint","urlTemplate":"https:\/\/poissonsdeschenauxenligne.net\/en\/?s={search_term_string}"},"query-input":{"@type":"PropertyValueSpecification","valueRequired":true,"valueName":"search_term_string"}}],"inLanguage":"en-US"}]}},"_links":{"self":[{"href":"https:\/\/poissonsdeschenauxenligne.net\/en\/wp-json\/wp\/v2\/pages\/1525","targetHints":{"allow":["GET"]}}],"collection":[{"href":"https:\/\/poissonsdeschenauxenligne.net\/en\/wp-json\/wp\/v2\/pages"}],"about":[{"href":"https:\/\/poissonsdeschenauxenligne.net\/en\/wp-json\/wp\/v2\/types\/page"}],"author":[{"embeddable":true,"href":"https:\/\/poissonsdeschenauxenligne.net\/en\/wp-json\/wp\/v2\/users\/3"}],"replies":[{"embeddable":true,"href":"https:\/\/poissonsdeschenauxenligne.net\/en\/wp-json\/wp\/v2\/comments?post=1525"}],"version-history":[{"count":5,"href":"https:\/\/poissonsdeschenauxenligne.net\/en\/wp-json\/wp\/v2\/pages\/1525\/revisions"}],"predecessor-version":[{"id":1530,"href":"https:\/\/poissonsdeschenauxenligne.net\/en\/wp-json\/wp\/v2\/pages\/1525\/revisions\/1530"}],"wp:attachment":[{"href":"https:\/\/poissonsdeschenauxenligne.net\/en\/wp-json\/wp\/v2\/media?parent=1525"}],"curies":[{"name":"wp","href":"https:\/\/api.w.org\/{rel}","templated":true}]}}